{"id":413,"date":"2017-01-31T18:30:45","date_gmt":"2017-01-31T17:30:45","guid":{"rendered":"http:\/\/www.camping-eugenie-les-bains.fr\/camping\/?page_id=413"},"modified":"2025-03-31T12:06:44","modified_gmt":"2025-03-31T10:06:44","slug":"loisir-et-service","status":"publish","type":"page","link":"https:\/\/www.camping-eugenie-les-bains.fr\/camping\/loisir-et-service\/","title":{"rendered":"Loisirs et services"},"content":{"rendered":"<p>[et_pb_section fb_built=\u00a0\u00bb1&Prime; fullwidth=\u00a0\u00bbon\u00a0\u00bb admin_label=\u00a0\u00bbsection\u00a0\u00bb _builder_version=\u00a0\u00bb4.16&Prime; background_image=\u00a0\u00bbhttps:\/\/elegantthemesimages.com\/images\/premade\/d2-placeholder-1920.png\u00a0\u00bb global_colors_info=\u00a0\u00bb{}\u00a0\u00bb][et_pb_fullwidth_image src=\u00a0\u00bbhttps:\/\/www.camping-eugenie-les-bains.fr\/camping\/wp-content\/uploads\/2022\/12\/Loisir-et-services-2023.jpg\u00a0\u00bb alt=\u00a0\u00bbCamping des sources Loisir et service\u00a0\u00bb title_text=\u00a0\u00bbCamping des sources Loisir et service\u00a0\u00bb _builder_version=\u00a0\u00bb4.19.2&Prime; global_colors_info=\u00a0\u00bb{}\u00a0\u00bb][\/et_pb_fullwidth_image][\/et_pb_section][et_pb_section fb_built=\u00a0\u00bb1&Prime; custom_padding_last_edited=\u00a0\u00bbon|desktop\u00a0\u00bb admin_label=\u00a0\u00bbsection\u00a0\u00bb _builder_version=\u00a0\u00bb4.16&Prime; background_color=\u00a0\u00bbrgba(40,49,57,0.87)\u00a0\u00bb custom_padding_tablet=\u00a0\u00bb50px|0|50px|0&Prime; custom_padding_phone=\u00a0\u00bb\u00a0\u00bb transparent_background=\u00a0\u00bboff\u00a0\u00bb padding_mobile=\u00a0\u00bboff\u00a0\u00bb make_fullwidth=\u00a0\u00bboff\u00a0\u00bb use_custom_width=\u00a0\u00bboff\u00a0\u00bb width_unit=\u00a0\u00bbon\u00a0\u00bb global_colors_info=\u00a0\u00bb{}\u00a0\u00bb][et_pb_row admin_label=\u00a0\u00bbrow\u00a0\u00bb _builder_version=\u00a0\u00bb4.16&Prime; background_size=\u00a0\u00bbinitial\u00a0\u00bb background_position=\u00a0\u00bbtop_left\u00a0\u00bb background_repeat=\u00a0\u00bbrepeat\u00a0\u00bb global_colors_info=\u00a0\u00bb{}\u00a0\u00bb][et_pb_column type=\u00a0\u00bb4_4&Prime; _builder_version=\u00a0\u00bb4.16&Prime; custom_padding=\u00a0\u00bb|||\u00a0\u00bb global_colors_info=\u00a0\u00bb{}\u00a0\u00bb custom_padding__hover=\u00a0\u00bb|||\u00a0\u00bb][et_pb_text _builder_version=\u00a0\u00bb4.16&Prime; background_size=\u00a0\u00bbinitial\u00a0\u00bb background_position=\u00a0\u00bbtop_left\u00a0\u00bb background_repeat=\u00a0\u00bbrepeat\u00a0\u00bb background_layout=\u00a0\u00bbdark\u00a0\u00bb use_border_color=\u00a0\u00bboff\u00a0\u00bb border_color=\u00a0\u00bb#ffffff\u00a0\u00bb border_style=\u00a0\u00bbsolid\u00a0\u00bb global_colors_info=\u00a0\u00bb{}\u00a0\u00bb]<\/p>\n<h3 style=\"text-align: center;\">Pour rythmer votre s\u00e9jour&#8230; Animations, sports et d\u00e9couvertes !<br \/>\nloisirs et services<\/h3>\n<p>&nbsp;<\/p>\n<h2 style=\"text-align: center;\">LES LOISIRS AU CAMPING<\/h2>\n<p>[\/et_pb_text][\/et_pb_column][\/et_pb_row][et_pb_row column_structure=\u00a0\u00bb1_2,1_2&Prime; _builder_version=\u00a0\u00bb4.16&Prime; background_size=\u00a0\u00bbinitial\u00a0\u00bb background_position=\u00a0\u00bbtop_left\u00a0\u00bb background_repeat=\u00a0\u00bbrepeat\u00a0\u00bb global_colors_info=\u00a0\u00bb{}\u00a0\u00bb][et_pb_column type=\u00a0\u00bb1_2&Prime; _builder_version=\u00a0\u00bb4.16&Prime; custom_padding=\u00a0\u00bb|||\u00a0\u00bb global_colors_info=\u00a0\u00bb{}\u00a0\u00bb custom_padding__hover=\u00a0\u00bb|||\u00a0\u00bb][et_pb_text _builder_version=\u00a0\u00bb4.16&Prime; background_size=\u00a0\u00bbinitial\u00a0\u00bb background_position=\u00a0\u00bbtop_left\u00a0\u00bb background_repeat=\u00a0\u00bbrepeat\u00a0\u00bb background_layout=\u00a0\u00bbdark\u00a0\u00bb use_border_color=\u00a0\u00bboff\u00a0\u00bb global_colors_info=\u00a0\u00bb{}\u00a0\u00bb]<\/p>\n<ul>\n<li>2 piscines chauff\u00e9es (15 Avril &#8211; 15 Octobre)<\/li>\n<li>P\u00e9tanque (concours hebdomadaire)<\/li>\n<li>Ping-pong<\/li>\n<li>Belote, Lotos<\/li>\n<li>Tennis<\/li>\n<li>Aire de Fitness<\/li>\n<\/ul>\n<p>[\/et_pb_text][\/et_pb_column][et_pb_column type=\u00a0\u00bb1_2&Prime; _builder_version=\u00a0\u00bb4.16&Prime; custom_padding=\u00a0\u00bb|||\u00a0\u00bb global_colors_info=\u00a0\u00bb{}\u00a0\u00bb custom_padding__hover=\u00a0\u00bb|||\u00a0\u00bb][et_pb_text _builder_version=\u00a0\u00bb4.16&Prime; background_size=\u00a0\u00bbinitial\u00a0\u00bb background_position=\u00a0\u00bbtop_left\u00a0\u00bb background_repeat=\u00a0\u00bbrepeat\u00a0\u00bb background_layout=\u00a0\u00bbdark\u00a0\u00bb use_border_color=\u00a0\u00bboff\u00a0\u00bb border_color=\u00a0\u00bb#ffffff\u00a0\u00bb border_style=\u00a0\u00bbsolid\u00a0\u00bb global_colors_info=\u00a0\u00bb{}\u00a0\u00bb]<\/p>\n<ul>\n<li>Soir\u00e9es-Repas \u00e0 th\u00e8me<\/li>\n<li>Espace &#8211; d\u00e9tente avec Bar, \u00e9cran g\u00e9ant, jeux de Soci\u00e9t\u00e9<\/li>\n<li>Biblioth\u00e8que<\/li>\n<li>P\u00eache dans le ruisseau \u00ab\u00a0Le Bahus\u00a0\u00bb<\/li>\n<li>Aire multisports<\/li>\n<\/ul>\n<p>[\/et_pb_text][\/et_pb_column][\/et_pb_row][et_pb_row admin_label=\u00a0\u00bbrow\u00a0\u00bb _builder_version=\u00a0\u00bb4.17.2&Prime; background_size=\u00a0\u00bbinitial\u00a0\u00bb background_position=\u00a0\u00bbtop_left\u00a0\u00bb background_repeat=\u00a0\u00bbrepeat\u00a0\u00bb global_colors_info=\u00a0\u00bb{}\u00a0\u00bb][et_pb_column type=\u00a0\u00bb4_4&Prime; _builder_version=\u00a0\u00bb4.16&Prime; custom_padding=\u00a0\u00bb|||\u00a0\u00bb global_colors_info=\u00a0\u00bb{}\u00a0\u00bb custom_padding__hover=\u00a0\u00bb|||\u00a0\u00bb][et_pb_gallery gallery_ids=\u00a0\u00bb1051,1214,1215,1218,1219,1588,1630,1631,1786,1787,1788,1789&Prime; gallery_orderby=\u00a0\u00bbrand\u00a0\u00bb posts_number=\u00a0\u00bb16&Prime; show_title_and_caption=\u00a0\u00bboff\u00a0\u00bb show_pagination=\u00a0\u00bboff\u00a0\u00bb zoom_icon_color=\u00a0\u00bb#2ea3f2&Prime; admin_label=\u00a0\u00bbGalerieLoisir\u00a0\u00bb _builder_version=\u00a0\u00bb4.19.2&Prime; background_layout=\u00a0\u00bbdark\u00a0\u00bb min_height=\u00a0\u00bb1000px\u00a0\u00bb height=\u00a0\u00bb1000px\u00a0\u00bb max_height=\u00a0\u00bb1000px\u00a0\u00bb custom_margin=\u00a0\u00bb||-333px|||\u00a0\u00bb custom_padding=\u00a0\u00bb||31px|||\u00a0\u00bb pagination_font_size_tablet=\u00a0\u00bb51&Prime; pagination_line_height_tablet=\u00a0\u00bb2&Prime; use_border_color=\u00a0\u00bboff\u00a0\u00bb global_colors_info=\u00a0\u00bb{}\u00a0\u00bb][\/et_pb_gallery][\/et_pb_column][\/et_pb_row][et_pb_row admin_label=\u00a0\u00bbrow\u00a0\u00bb _builder_version=\u00a0\u00bb4.16&Prime; background_size=\u00a0\u00bbinitial\u00a0\u00bb background_position=\u00a0\u00bbtop_left\u00a0\u00bb background_repeat=\u00a0\u00bbrepeat\u00a0\u00bb global_colors_info=\u00a0\u00bb{}\u00a0\u00bb][et_pb_column type=\u00a0\u00bb4_4&Prime; _builder_version=\u00a0\u00bb4.16&Prime; custom_padding=\u00a0\u00bb|||\u00a0\u00bb global_colors_info=\u00a0\u00bb{}\u00a0\u00bb custom_padding__hover=\u00a0\u00bb|||\u00a0\u00bb][et_pb_text _builder_version=\u00a0\u00bb4.16&Prime; background_size=\u00a0\u00bbinitial\u00a0\u00bb background_position=\u00a0\u00bbtop_left\u00a0\u00bb background_repeat=\u00a0\u00bbrepeat\u00a0\u00bb background_layout=\u00a0\u00bbdark\u00a0\u00bb use_border_color=\u00a0\u00bboff\u00a0\u00bb border_color=\u00a0\u00bb#ffffff\u00a0\u00bb border_style=\u00a0\u00bbsolid\u00a0\u00bb global_colors_info=\u00a0\u00bb{}\u00a0\u00bb]<\/p>\n<h2 style=\"text-align: center;\">LES SERVICES AU CAMPING<\/h2>\n<p>[\/et_pb_text][\/et_pb_column][\/et_pb_row][et_pb_row column_structure=\u00a0\u00bb1_2,1_2&Prime; _builder_version=\u00a0\u00bb4.16&Prime; background_size=\u00a0\u00bbinitial\u00a0\u00bb background_position=\u00a0\u00bbtop_left\u00a0\u00bb background_repeat=\u00a0\u00bbrepeat\u00a0\u00bb global_colors_info=\u00a0\u00bb{}\u00a0\u00bb][et_pb_column type=\u00a0\u00bb1_2&Prime; _builder_version=\u00a0\u00bb4.16&Prime; custom_padding=\u00a0\u00bb|||\u00a0\u00bb global_colors_info=\u00a0\u00bb{}\u00a0\u00bb custom_padding__hover=\u00a0\u00bb|||\u00a0\u00bb][et_pb_text _builder_version=\u00a0\u00bb4.21.0&Prime; background_size=\u00a0\u00bbinitial\u00a0\u00bb background_position=\u00a0\u00bbtop_left\u00a0\u00bb background_repeat=\u00a0\u00bbrepeat\u00a0\u00bb background_layout=\u00a0\u00bbdark\u00a0\u00bb use_border_color=\u00a0\u00bboff\u00a0\u00bb border_color=\u00a0\u00bb#ffffff\u00a0\u00bb border_style=\u00a0\u00bbsolid\u00a0\u00bb global_colors_info=\u00a0\u00bb{}\u00a0\u00bb]<\/p>\n<ul>\n<li>Bloc sanitaires chauff\u00e9<\/li>\n<li>Espace d\u00e9tente \u00ab\u00a0La Pe\u00f1a\u00a0\u00bb<\/li>\n<li>Acc\u00e8s \u00ab\u00a0WIFI\u00a0\u00bb gratuit \u00e0 partir de 19 nuit\u00e9es<\/li>\n<li>Laverie (2 lave-linge, 1 s\u00e8che-linge, repassage)<\/li>\n<li>Aire Barbecues &#8211; Plancha<\/li>\n<li>Aire de services Camping &#8211; Car<\/li>\n<\/ul>\n<p>[\/et_pb_text][\/et_pb_column][et_pb_column type=\u00a0\u00bb1_2&Prime; _builder_version=\u00a0\u00bb4.16&Prime; custom_padding=\u00a0\u00bb|||\u00a0\u00bb global_colors_info=\u00a0\u00bb{}\u00a0\u00bb custom_padding__hover=\u00a0\u00bb|||\u00a0\u00bb][et_pb_text _builder_version=\u00a0\u00bb4.16&Prime; background_size=\u00a0\u00bbinitial\u00a0\u00bb background_position=\u00a0\u00bbtop_left\u00a0\u00bb background_repeat=\u00a0\u00bbrepeat\u00a0\u00bb background_layout=\u00a0\u00bbdark\u00a0\u00bb use_border_color=\u00a0\u00bboff\u00a0\u00bb border_color=\u00a0\u00bb#ffffff\u00a0\u00bb border_style=\u00a0\u00bbsolid\u00a0\u00bb global_colors_info=\u00a0\u00bb{}\u00a0\u00bb]<\/p>\n<ul>\n<li>Possibilit\u00e9 de navette (payante) pour les Thermes<\/li>\n<li>Passage quotidien du boulanger<\/li>\n<li>Passage hebdomadaire boucher et poissonnier<\/li>\n<li>Vente de produits r\u00e9gionaux<\/li>\n<li>Jardin d&rsquo;herbes aromatiques a votre disposition<\/li>\n<li>Location de v\u00e9los<\/li>\n<\/ul>\n<p>&nbsp;<\/p>\n<p>&nbsp;<\/p>\n<p>[\/et_pb_text][\/et_pb_column][\/et_pb_row][et_pb_row admin_label=\u00a0\u00bbrow\u00a0\u00bb _builder_version=\u00a0\u00bb4.16&Prime; background_size=\u00a0\u00bbinitial\u00a0\u00bb background_position=\u00a0\u00bbtop_left\u00a0\u00bb background_repeat=\u00a0\u00bbrepeat\u00a0\u00bb global_colors_info=\u00a0\u00bb{}\u00a0\u00bb][et_pb_column type=\u00a0\u00bb4_4&Prime; _builder_version=\u00a0\u00bb4.16&Prime; custom_padding=\u00a0\u00bb|||\u00a0\u00bb global_colors_info=\u00a0\u00bb{}\u00a0\u00bb custom_padding__hover=\u00a0\u00bb|||\u00a0\u00bb][et_pb_gallery gallery_ids=\u00a0\u00bb1063,1064,1067,1210,1211,527,1790,1791&Prime; gallery_orderby=\u00a0\u00bbrand\u00a0\u00bb posts_number=\u00a0\u00bb16&Prime; show_title_and_caption=\u00a0\u00bboff\u00a0\u00bb show_pagination=\u00a0\u00bboff\u00a0\u00bb zoom_icon_color=\u00a0\u00bb#2ea3f2&Prime; admin_label=\u00a0\u00bbGalerieServicesCamping\u00a0\u00bb _builder_version=\u00a0\u00bb4.19.2&Prime; background_layout=\u00a0\u00bbdark\u00a0\u00bb use_border_color=\u00a0\u00bboff\u00a0\u00bb global_colors_info=\u00a0\u00bb{}\u00a0\u00bb][\/et_pb_gallery][\/et_pb_column][\/et_pb_row][et_pb_row _builder_version=\u00a0\u00bb4.16&Prime; background_size=\u00a0\u00bbinitial\u00a0\u00bb background_position=\u00a0\u00bbtop_left\u00a0\u00bb background_repeat=\u00a0\u00bbrepeat\u00a0\u00bb global_colors_info=\u00a0\u00bb{}\u00a0\u00bb][et_pb_column type=\u00a0\u00bb4_4&Prime; _builder_version=\u00a0\u00bb4.16&Prime; custom_padding=\u00a0\u00bb|||\u00a0\u00bb global_colors_info=\u00a0\u00bb{}\u00a0\u00bb custom_padding__hover=\u00a0\u00bb|||\u00a0\u00bb][et_pb_text _builder_version=\u00a0\u00bb4.16&Prime; background_size=\u00a0\u00bbinitial\u00a0\u00bb background_position=\u00a0\u00bbtop_left\u00a0\u00bb background_repeat=\u00a0\u00bbrepeat\u00a0\u00bb background_layout=\u00a0\u00bbdark\u00a0\u00bb use_border_color=\u00a0\u00bboff\u00a0\u00bb border_color=\u00a0\u00bb#ffffff\u00a0\u00bb border_style=\u00a0\u00bbsolid\u00a0\u00bb global_colors_info=\u00a0\u00bb{}\u00a0\u00bb]<\/p>\n<h2 style=\"text-align: center;\">LA LOCATION DE VOITURES<\/h2>\n<p>[\/et_pb_text][\/et_pb_column][\/et_pb_row][et_pb_row column_structure=\u00a0\u00bb1_2,1_2&Prime; _builder_version=\u00a0\u00bb4.16&Prime; background_size=\u00a0\u00bbinitial\u00a0\u00bb background_position=\u00a0\u00bbtop_left\u00a0\u00bb background_repeat=\u00a0\u00bbrepeat\u00a0\u00bb global_colors_info=\u00a0\u00bb{}\u00a0\u00bb][et_pb_column type=\u00a0\u00bb1_2&Prime; _builder_version=\u00a0\u00bb4.16&Prime; custom_padding=\u00a0\u00bb|||\u00a0\u00bb global_colors_info=\u00a0\u00bb{}\u00a0\u00bb custom_padding__hover=\u00a0\u00bb|||\u00a0\u00bb][et_pb_text _builder_version=\u00a0\u00bb4.16&Prime; background_size=\u00a0\u00bbinitial\u00a0\u00bb background_position=\u00a0\u00bbtop_left\u00a0\u00bb background_repeat=\u00a0\u00bbrepeat\u00a0\u00bb background_layout=\u00a0\u00bbdark\u00a0\u00bb use_border_color=\u00a0\u00bboff\u00a0\u00bb border_color=\u00a0\u00bb#ffffff\u00a0\u00bb border_style=\u00a0\u00bbsolid\u00a0\u00bb global_colors_info=\u00a0\u00bb{}\u00a0\u00bb]<\/p>\n<ul>\n<li>Fiat Panda city cross rouge ou bleu<\/li>\n<li>15\u20ac la demie journ\u00e9e + plein<\/li>\n<li>25\u20ac la journ\u00e9e + plein<\/li>\n<\/ul>\n<p>[\/et_pb_text][et_pb_image src=\u00a0\u00bbhttps:\/\/www.camping-eugenie-les-bains.fr\/camping\/wp-content\/uploads\/2022\/12\/voiture1.jpg\u00a0\u00bb alt=\u00a0\u00bbLocation voiture camping Eug\u00e9nie les Bains\u00a0\u00bb title_text=\u00a0\u00bbvoiture1&Prime; _builder_version=\u00a0\u00bb4.19.2&Prime; _module_preset=\u00a0\u00bbdefault\u00a0\u00bb global_colors_info=\u00a0\u00bb{}\u00a0\u00bb][\/et_pb_image][et_pb_text _builder_version=\u00a0\u00bb4.16&Prime; background_size=\u00a0\u00bbinitial\u00a0\u00bb background_position=\u00a0\u00bbtop_left\u00a0\u00bb background_repeat=\u00a0\u00bbrepeat\u00a0\u00bb background_layout=\u00a0\u00bbdark\u00a0\u00bb use_border_color=\u00a0\u00bboff\u00a0\u00bb border_color=\u00a0\u00bb#ffffff\u00a0\u00bb border_style=\u00a0\u00bbsolid\u00a0\u00bb global_colors_info=\u00a0\u00bb{}\u00a0\u00bb]<\/p>\n<h2 style=\"text-align: center;\">LES LOISIRS A EUG\u00c9NIE-LES-BAINS<\/h2>\n<p>[\/et_pb_text][\/et_pb_column][et_pb_column type=\u00a0\u00bb1_2&Prime; _builder_version=\u00a0\u00bb4.16&Prime; _module_preset=\u00a0\u00bbdefault\u00a0\u00bb global_colors_info=\u00a0\u00bb{}\u00a0\u00bb][et_pb_image src=\u00a0\u00bbhttps:\/\/www.camping-eugenie-les-bains.fr\/camping\/wp-content\/uploads\/2022\/12\/voiture2.jpg\u00a0\u00bb alt=\u00a0\u00bbLocation voiture camping Eug\u00e9nie les Bains\u00a0\u00bb title_text=\u00a0\u00bbvoiture2&Prime; _builder_version=\u00a0\u00bb4.19.2&Prime; _module_preset=\u00a0\u00bbdefault\u00a0\u00bb max_width=\u00a0\u00bb100%\u00a0\u00bb global_colors_info=\u00a0\u00bb{}\u00a0\u00bb][\/et_pb_image][\/et_pb_column][\/et_pb_row][et_pb_row column_structure=\u00a0\u00bb1_2,1_2&Prime; _builder_version=\u00a0\u00bb4.16&Prime; background_size=\u00a0\u00bbinitial\u00a0\u00bb background_position=\u00a0\u00bbtop_left\u00a0\u00bb background_repeat=\u00a0\u00bbrepeat\u00a0\u00bb global_colors_info=\u00a0\u00bb{}\u00a0\u00bb][et_pb_column type=\u00a0\u00bb1_2&Prime; _builder_version=\u00a0\u00bb4.16&Prime; custom_padding=\u00a0\u00bb|||\u00a0\u00bb global_colors_info=\u00a0\u00bb{}\u00a0\u00bb custom_padding__hover=\u00a0\u00bb|||\u00a0\u00bb][et_pb_text _builder_version=\u00a0\u00bb4.16&Prime; background_size=\u00a0\u00bbinitial\u00a0\u00bb background_position=\u00a0\u00bbtop_left\u00a0\u00bb background_repeat=\u00a0\u00bbrepeat\u00a0\u00bb background_layout=\u00a0\u00bbdark\u00a0\u00bb use_border_color=\u00a0\u00bboff\u00a0\u00bb border_color=\u00a0\u00bb#ffffff\u00a0\u00bb border_style=\u00a0\u00bbsolid\u00a0\u00bb global_colors_info=\u00a0\u00bb{}\u00a0\u00bb]<\/p>\n<ul>\n<li>Mini Golf<\/li>\n<li>Randonn\u00e9es p\u00e9destres \/ VTT<\/li>\n<li>Gymnastique douce<\/li>\n<li>Concours Belote \/ P\u00e8che \/ P\u00e9tanque<\/li>\n<li>Golf 9 trous a 2km<\/li>\n<\/ul>\n<p>[\/et_pb_text][et_pb_code _builder_version=\u00a0\u00bb4.16&Prime; global_colors_info=\u00a0\u00bb{}\u00a0\u00bb]<iframe loading=\"lazy\" width=\"560\" height=\"315\" src=\"https:\/\/www.youtube.com\/embed\/DzfJP1xR4NM\" title=\"YouTube video player\" frameborder=\"0\" allow=\"accelerometer; autoplay; clipboard-write; encrypted-media; gyroscope; picture-in-picture\" allowfullscreen><\/iframe>[\/et_pb_code][\/et_pb_column][et_pb_column type=\u00a0\u00bb1_2&Prime; _builder_version=\u00a0\u00bb4.16&Prime; custom_padding=\u00a0\u00bb|||\u00a0\u00bb global_colors_info=\u00a0\u00bb{}\u00a0\u00bb custom_padding__hover=\u00a0\u00bb|||\u00a0\u00bb][et_pb_image src=\u00a0\u00bbhttp:\/\/www.camping-eugenie-les-bains.fr\/camping\/wp-content\/uploads\/2017\/01\/ESN.jpg\u00a0\u00bb alt=\u00a0\u00bbProgramme des animations \u00e0 Eug\u00e9nie-les-Bains\u00a0\u00bb title_text=\u00a0\u00bbCliquez sur l&rsquo;image pour voir le programme complet des animations d&rsquo;Eug\u00e9nie-les-Bains\u00a0\u00bb url=\u00a0\u00bbhttp:\/\/www.ville-eugenie-les-bains.fr\/ftp\/DIVERS\/ProgrammeESN.pdf\u00a0\u00bb url_new_window=\u00a0\u00bbon\u00a0\u00bb align=\u00a0\u00bbcenter\u00a0\u00bb align_tablet=\u00a0\u00bbcenter\u00a0\u00bb align_phone=\u00a0\u00bbcenter\u00a0\u00bb align_last_edited=\u00a0\u00bbon|desktop\u00a0\u00bb disabled_on=\u00a0\u00bbon|on|on\u00a0\u00bb _builder_version=\u00a0\u00bb4.16&Prime; animation_style=\u00a0\u00bbslide\u00a0\u00bb animation_direction=\u00a0\u00bbleft\u00a0\u00bb animation_duration=\u00a0\u00bb500ms\u00a0\u00bb animation_intensity_slide=\u00a0\u00bb10%\u00a0\u00bb border_style=\u00a0\u00bbsolid\u00a0\u00bb sticky=\u00a0\u00bboff\u00a0\u00bb always_center_on_mobile=\u00a0\u00bbon\u00a0\u00bb disabled=\u00a0\u00bbon\u00a0\u00bb global_colors_info=\u00a0\u00bb{}\u00a0\u00bb][\/et_pb_image][et_pb_code _builder_version=\u00a0\u00bb4.16&Prime; global_colors_info=\u00a0\u00bb{}\u00a0\u00bb]<iframe loading=\"lazy\" title=\"vimeo-player\" src=\"https:\/\/player.vimeo.com\/video\/395668784?h=42f52f4b11\" width=\"640\" height=\"360\" frameborder=\"0\" allowfullscreen><\/iframe>[\/et_pb_code][\/et_pb_column][\/et_pb_row][\/et_pb_section][et_pb_section fb_built=\u00a0\u00bb1&Prime; fullwidth=\u00a0\u00bbon\u00a0\u00bb _builder_version=\u00a0\u00bb4.16&Prime; global_colors_info=\u00a0\u00bb{}\u00a0\u00bb][et_pb_fullwidth_image src=\u00a0\u00bbhttps:\/\/www.camping-eugenie-les-bains.fr\/camping\/wp-content\/uploads\/2022\/12\/Camping-des-Sources-Equipe-2023-scaled.jpg\u00a0\u00bb alt=\u00a0\u00bbStaff Camping des Sources\u00a0\u00bb title_text=\u00a0\u00bbStaff Camping des Sources\u00a0\u00bb _builder_version=\u00a0\u00bb4.19.2&Prime; use_border_color=\u00a0\u00bboff\u00a0\u00bb global_colors_info=\u00a0\u00bb{}\u00a0\u00bb][\/et_pb_fullwidth_image][\/et_pb_section]<\/p>\n","protected":false},"excerpt":{"rendered":"<p>Pour rythmer votre s\u00e9jour&#8230; Animations, sports et d\u00e9couvertes ! loisirs et services &nbsp; LES LOISIRS AU CAMPING 2 piscines chauff\u00e9es (15 Avril &#8211; 15 Octobre) P\u00e9tanque (concours hebdomadaire) Ping-pong Belote, Lotos Tennis Aire de Fitness Soir\u00e9es-Repas \u00e0 th\u00e8me Espace &#8211; d\u00e9tente avec Bar, \u00e9cran g\u00e9ant, jeux de Soci\u00e9t\u00e9 Biblioth\u00e8que P\u00eache dans le ruisseau \u00ab\u00a0Le Bahus\u00a0\u00bb [&hellip;]<\/p>\n","protected":false},"author":1,"featured_media":0,"parent":0,"menu_order":0,"comment_status":"closed","ping_status":"closed","template":"","meta":{"_et_pb_use_builder":"on","_et_pb_old_content":"","_et_gb_content_width":"","footnotes":""},"class_list":["post-413","page","type-page","status-publish","hentry"],"yoast_head":"<!-- This site is optimized with the Yoast SEO plugin v26.6 - https:\/\/yoast.com\/wordpress\/plugins\/seo\/ -->\n<title>Loisir et service au Camping des Sources \u00e0 Eug\u00e9nie-les-Bains<\/title>\n<meta name=\"description\" content=\"Loisir et service au Camping des Sources d&#039;Eug\u00e9nie-les-Bains. Pour rythmer votre s\u00e9jour, animations, sports, d\u00e9couvertes et super ambiance F\u00e9ria !\" \/>\n<meta name=\"robots\" content=\"index, follow, max-snippet:-1, max-image-preview:large, max-video-preview:-1\" \/>\n<link rel=\"canonical\" href=\"https:\/\/www.camping-eugenie-les-bains.fr\/camping\/loisir-et-service\/\" \/>\n<meta property=\"og:locale\" content=\"fr_FR\" \/>\n<meta property=\"og:type\" content=\"article\" \/>\n<meta property=\"og:title\" content=\"Loisir et service au Camping des Sources \u00e0 Eug\u00e9nie-les-Bains\" \/>\n<meta property=\"og:description\" content=\"Loisir et service au Camping des Sources d&#039;Eug\u00e9nie-les-Bains. Pour rythmer votre s\u00e9jour, animations, sports, d\u00e9couvertes et super ambiance F\u00e9ria !\" \/>\n<meta property=\"og:url\" content=\"https:\/\/www.camping-eugenie-les-bains.fr\/camping\/loisir-et-service\/\" \/>\n<meta property=\"og:site_name\" content=\"Camping des Sources\" \/>\n<meta property=\"article:modified_time\" content=\"2025-03-31T10:06:44+00:00\" \/>\n<meta name=\"twitter:card\" content=\"summary_large_image\" \/>\n<meta name=\"twitter:label1\" content=\"Dur\u00e9e de lecture estim\u00e9e\" \/>\n\t<meta name=\"twitter:data1\" content=\"7 minutes\" \/>\n<script type=\"application\/ld+json\" class=\"yoast-schema-graph\">{\"@context\":\"https:\/\/schema.org\",\"@graph\":[{\"@type\":\"WebPage\",\"@id\":\"https:\/\/www.camping-eugenie-les-bains.fr\/camping\/loisir-et-service\/\",\"url\":\"https:\/\/www.camping-eugenie-les-bains.fr\/camping\/loisir-et-service\/\",\"name\":\"Loisir et service au Camping des Sources \u00e0 Eug\u00e9nie-les-Bains\",\"isPartOf\":{\"@id\":\"https:\/\/www.camping-eugenie-les-bains.fr\/camping\/#website\"},\"datePublished\":\"2017-01-31T17:30:45+00:00\",\"dateModified\":\"2025-03-31T10:06:44+00:00\",\"description\":\"Loisir et service au Camping des Sources d'Eug\u00e9nie-les-Bains. Pour rythmer votre s\u00e9jour, animations, sports, d\u00e9couvertes et super ambiance F\u00e9ria !\",\"breadcrumb\":{\"@id\":\"https:\/\/www.camping-eugenie-les-bains.fr\/camping\/loisir-et-service\/#breadcrumb\"},\"inLanguage\":\"fr-FR\",\"potentialAction\":[{\"@type\":\"ReadAction\",\"target\":[\"https:\/\/www.camping-eugenie-les-bains.fr\/camping\/loisir-et-service\/\"]}]},{\"@type\":\"BreadcrumbList\",\"@id\":\"https:\/\/www.camping-eugenie-les-bains.fr\/camping\/loisir-et-service\/#breadcrumb\",\"itemListElement\":[{\"@type\":\"ListItem\",\"position\":1,\"name\":\"Accueil\",\"item\":\"https:\/\/www.camping-eugenie-les-bains.fr\/camping\/\"},{\"@type\":\"ListItem\",\"position\":2,\"name\":\"Loisirs et services\"}]},{\"@type\":\"WebSite\",\"@id\":\"https:\/\/www.camping-eugenie-les-bains.fr\/camping\/#website\",\"url\":\"https:\/\/www.camping-eugenie-les-bains.fr\/camping\/\",\"name\":\"Camping des Sources\",\"description\":\"Eug\u00e9nie-les-Bains, la meilleure convivialit\u00e9 pour votre s\u00e9jour cure\",\"potentialAction\":[{\"@type\":\"SearchAction\",\"target\":{\"@type\":\"EntryPoint\",\"urlTemplate\":\"https:\/\/www.camping-eugenie-les-bains.fr\/camping\/?s={search_term_string}\"},\"query-input\":{\"@type\":\"PropertyValueSpecification\",\"valueRequired\":true,\"valueName\":\"search_term_string\"}}],\"inLanguage\":\"fr-FR\"}]}<\/script>\n<!-- \/ Yoast SEO plugin. -->","yoast_head_json":{"title":"Loisir et service au Camping des Sources \u00e0 Eug\u00e9nie-les-Bains","description":"Loisir et service au Camping des Sources d'Eug\u00e9nie-les-Bains. Pour rythmer votre s\u00e9jour, animations, sports, d\u00e9couvertes et super ambiance F\u00e9ria !","robots":{"index":"index","follow":"follow","max-snippet":"max-snippet:-1","max-image-preview":"max-image-preview:large","max-video-preview":"max-video-preview:-1"},"canonical":"https:\/\/www.camping-eugenie-les-bains.fr\/camping\/loisir-et-service\/","og_locale":"fr_FR","og_type":"article","og_title":"Loisir et service au Camping des Sources \u00e0 Eug\u00e9nie-les-Bains","og_description":"Loisir et service au Camping des Sources d'Eug\u00e9nie-les-Bains. Pour rythmer votre s\u00e9jour, animations, sports, d\u00e9couvertes et super ambiance F\u00e9ria !","og_url":"https:\/\/www.camping-eugenie-les-bains.fr\/camping\/loisir-et-service\/","og_site_name":"Camping des Sources","article_modified_time":"2025-03-31T10:06:44+00:00","twitter_card":"summary_large_image","twitter_misc":{"Dur\u00e9e de lecture estim\u00e9e":"7 minutes"},"schema":{"@context":"https:\/\/schema.org","@graph":[{"@type":"WebPage","@id":"https:\/\/www.camping-eugenie-les-bains.fr\/camping\/loisir-et-service\/","url":"https:\/\/www.camping-eugenie-les-bains.fr\/camping\/loisir-et-service\/","name":"Loisir et service au Camping des Sources \u00e0 Eug\u00e9nie-les-Bains","isPartOf":{"@id":"https:\/\/www.camping-eugenie-les-bains.fr\/camping\/#website"},"datePublished":"2017-01-31T17:30:45+00:00","dateModified":"2025-03-31T10:06:44+00:00","description":"Loisir et service au Camping des Sources d'Eug\u00e9nie-les-Bains. Pour rythmer votre s\u00e9jour, animations, sports, d\u00e9couvertes et super ambiance F\u00e9ria !","breadcrumb":{"@id":"https:\/\/www.camping-eugenie-les-bains.fr\/camping\/loisir-et-service\/#breadcrumb"},"inLanguage":"fr-FR","potentialAction":[{"@type":"ReadAction","target":["https:\/\/www.camping-eugenie-les-bains.fr\/camping\/loisir-et-service\/"]}]},{"@type":"BreadcrumbList","@id":"https:\/\/www.camping-eugenie-les-bains.fr\/camping\/loisir-et-service\/#breadcrumb","itemListElement":[{"@type":"ListItem","position":1,"name":"Accueil","item":"https:\/\/www.camping-eugenie-les-bains.fr\/camping\/"},{"@type":"ListItem","position":2,"name":"Loisirs et services"}]},{"@type":"WebSite","@id":"https:\/\/www.camping-eugenie-les-bains.fr\/camping\/#website","url":"https:\/\/www.camping-eugenie-les-bains.fr\/camping\/","name":"Camping des Sources","description":"Eug\u00e9nie-les-Bains, la meilleure convivialit\u00e9 pour votre s\u00e9jour cure","potentialAction":[{"@type":"SearchAction","target":{"@type":"EntryPoint","urlTemplate":"https:\/\/www.camping-eugenie-les-bains.fr\/camping\/?s={search_term_string}"},"query-input":{"@type":"PropertyValueSpecification","valueRequired":true,"valueName":"search_term_string"}}],"inLanguage":"fr-FR"}]}},"_links":{"self":[{"href":"https:\/\/www.camping-eugenie-les-bains.fr\/camping\/wp-json\/wp\/v2\/pages\/413","targetHints":{"allow":["GET"]}}],"collection":[{"href":"https:\/\/www.camping-eugenie-les-bains.fr\/camping\/wp-json\/wp\/v2\/pages"}],"about":[{"href":"https:\/\/www.camping-eugenie-les-bains.fr\/camping\/wp-json\/wp\/v2\/types\/page"}],"author":[{"embeddable":true,"href":"https:\/\/www.camping-eugenie-les-bains.fr\/camping\/wp-json\/wp\/v2\/users\/1"}],"replies":[{"embeddable":true,"href":"https:\/\/www.camping-eugenie-les-bains.fr\/camping\/wp-json\/wp\/v2\/comments?post=413"}],"version-history":[{"count":105,"href":"https:\/\/www.camping-eugenie-les-bains.fr\/camping\/wp-json\/wp\/v2\/pages\/413\/revisions"}],"predecessor-version":[{"id":1947,"href":"https:\/\/www.camping-eugenie-les-bains.fr\/camping\/wp-json\/wp\/v2\/pages\/413\/revisions\/1947"}],"wp:attachment":[{"href":"https:\/\/www.camping-eugenie-les-bains.fr\/camping\/wp-json\/wp\/v2\/media?parent=413"}],"curies":[{"name":"wp","href":"https:\/\/api.w.org\/{rel}","templated":true}]}}