{"id":550,"date":"2017-02-03T10:43:06","date_gmt":"2017-02-03T09:43:06","guid":{"rendered":"http:\/\/www.camping-eugenie-les-bains.fr\/camping\/?page_id=550"},"modified":"2022-12-13T09:14:00","modified_gmt":"2022-12-13T08:14:00","slug":"tourisme-camping-eugenie","status":"publish","type":"page","link":"https:\/\/www.camping-eugenie-les-bains.fr\/camping\/tourisme-camping-eugenie\/","title":{"rendered":"Aux alentours du camping"},"content":{"rendered":"<p>[et_pb_section fb_built=\u00a0\u00bb1&Prime; fullwidth=\u00a0\u00bbon\u00a0\u00bb admin_label=\u00a0\u00bbsection\u00a0\u00bb _builder_version=\u00a0\u00bb4.16&Prime; global_colors_info=\u00a0\u00bb{}\u00a0\u00bb][et_pb_fullwidth_image src=\u00a0\u00bbhttp:\/\/www.camping-eugenie-les-bains.fr\/camping\/wp-content\/uploads\/2017\/02\/Alentour-camping-des-sources-2.jpg\u00a0\u00bb _builder_version=\u00a0\u00bb4.16&Prime; background_size=\u00a0\u00bbcontain\u00a0\u00bb global_colors_info=\u00a0\u00bb{}\u00a0\u00bb][\/et_pb_fullwidth_image][\/et_pb_section][et_pb_section fb_built=\u00a0\u00bb1&Prime; custom_padding_last_edited=\u00a0\u00bbon|desktop\u00a0\u00bb admin_label=\u00a0\u00bbsection\u00a0\u00bb _builder_version=\u00a0\u00bb4.16&Prime; background_color=\u00a0\u00bbrgba(40,49,57,0.87)\u00a0\u00bb custom_padding=\u00a0\u00bb0px|0px|54px|0px\u00a0\u00bb custom_padding_tablet=\u00a0\u00bb50px|0|50px|0&Prime; custom_padding_phone=\u00a0\u00bb\u00a0\u00bb transparent_background=\u00a0\u00bboff\u00a0\u00bb global_colors_info=\u00a0\u00bb{}\u00a0\u00bb][et_pb_row admin_label=\u00a0\u00bbrow\u00a0\u00bb _builder_version=\u00a0\u00bb4.16&Prime; background_size=\u00a0\u00bbinitial\u00a0\u00bb background_position=\u00a0\u00bbtop_left\u00a0\u00bb background_repeat=\u00a0\u00bbrepeat\u00a0\u00bb global_colors_info=\u00a0\u00bb{}\u00a0\u00bb][et_pb_column type=\u00a0\u00bb4_4&Prime; _builder_version=\u00a0\u00bb4.16&Prime; custom_padding=\u00a0\u00bb|||\u00a0\u00bb global_colors_info=\u00a0\u00bb{}\u00a0\u00bb custom_padding__hover=\u00a0\u00bb|||\u00a0\u00bb][et_pb_text _builder_version=\u00a0\u00bb4.16&Prime; background_size=\u00a0\u00bbinitial\u00a0\u00bb background_position=\u00a0\u00bbtop_left\u00a0\u00bb background_repeat=\u00a0\u00bbrepeat\u00a0\u00bb background_layout=\u00a0\u00bbdark\u00a0\u00bb use_border_color=\u00a0\u00bboff\u00a0\u00bb border_color=\u00a0\u00bb#ffffff\u00a0\u00bb border_style=\u00a0\u00bbsolid\u00a0\u00bb global_colors_info=\u00a0\u00bb{}\u00a0\u00bb]<\/p>\n<h2>Eug\u00e9nie les Bains vous ouvre les portes du grand Sud-Ouest\u2026 En voici un aper\u00e7u !<\/h2>\n<p>[\/et_pb_text][et_pb_gallery gallery_ids=\u00a0\u00bb564,565,566,567,568,569,570,571&Prime; posts_number=\u00a0\u00bb10&Prime; show_pagination=\u00a0\u00bboff\u00a0\u00bb _builder_version=\u00a0\u00bb4.16&Prime; background_layout=\u00a0\u00bbdark\u00a0\u00bb use_border_color=\u00a0\u00bboff\u00a0\u00bb border_color=\u00a0\u00bb#ffffff\u00a0\u00bb border_style=\u00a0\u00bbsolid\u00a0\u00bb global_colors_info=\u00a0\u00bb{}\u00a0\u00bb][\/et_pb_gallery][\/et_pb_column][\/et_pb_row][et_pb_row _builder_version=\u00a0\u00bb4.16&Prime; background_size=\u00a0\u00bbinitial\u00a0\u00bb background_position=\u00a0\u00bbtop_left\u00a0\u00bb background_repeat=\u00a0\u00bbrepeat\u00a0\u00bb global_colors_info=\u00a0\u00bb{}\u00a0\u00bb column_structure=\u00a0\u00bb1_2,1_2&Prime;][et_pb_column type=\u00a0\u00bb1_2&Prime; _builder_version=\u00a0\u00bb4.16&Prime; custom_padding=\u00a0\u00bb|||\u00a0\u00bb global_colors_info=\u00a0\u00bb{}\u00a0\u00bb custom_padding__hover=\u00a0\u00bb|||\u00a0\u00bb][et_pb_code _builder_version=\u00a0\u00bb4.16&Prime; global_colors_info=\u00a0\u00bb{}\u00a0\u00bb]<iframe loading=\"lazy\" width=\"300\" height=\"170\" src=\"https:\/\/www.youtube.com\/embed\/s8evrdzkggI\" frameborder=\"0\" allowfullscreen><\/iframe>[\/et_pb_code][\/et_pb_column][et_pb_column type=\u00a0\u00bb1_2&Prime; _builder_version=\u00a0\u00bb4.16&Prime; custom_padding=\u00a0\u00bb|||\u00a0\u00bb global_colors_info=\u00a0\u00bb{}\u00a0\u00bb custom_padding__hover=\u00a0\u00bb|||\u00a0\u00bb][et_pb_code _builder_version=\u00a0\u00bb4.16&Prime; global_colors_info=\u00a0\u00bb{}\u00a0\u00bb]<iframe loading=\"lazy\" width=\"300\" height=\"170\" src=\"https:\/\/www.youtube.com\/embed\/AgmKoXj896E?list=PLazkC-lIqlb8NjgS-lrAftXXZ9INFMnV0\" frameborder=\"0\" allowfullscreen><\/iframe>[\/et_pb_code][\/et_pb_column][\/et_pb_row][\/et_pb_section][et_pb_section fb_built=\u00a0\u00bb1&Prime; fullwidth=\u00a0\u00bbon\u00a0\u00bb _builder_version=\u00a0\u00bb4.16&Prime; background_size=\u00a0\u00bbcontain\u00a0\u00bb global_colors_info=\u00a0\u00bb{}\u00a0\u00bb][et_pb_fullwidth_image src=\u00a0\u00bbhttps:\/\/www.camping-eugenie-les-bains.fr\/camping\/wp-content\/uploads\/2022\/12\/Camping-des-Sources-Equipe-2023-scaled.jpg\u00a0\u00bb _builder_version=\u00a0\u00bb4.19.2&Prime; background_size=\u00a0\u00bbcontain\u00a0\u00bb hover_enabled=\u00a0\u00bb0&Prime; border_color_all=\u00a0\u00bb#ffffff\u00a0\u00bb animation=\u00a0\u00bboff\u00a0\u00bb use_border_color=\u00a0\u00bboff\u00a0\u00bb border_color=\u00a0\u00bb#ffffff\u00a0\u00bb border_style=\u00a0\u00bbsolid\u00a0\u00bb global_colors_info=\u00a0\u00bb{}\u00a0\u00bb alt=\u00a0\u00bbStaff Camping des Sources\u00a0\u00bb title_text=\u00a0\u00bbStaff Camping des Sources\u00a0\u00bb sticky_enabled=\u00a0\u00bb0&Prime;][\/et_pb_fullwidth_image][\/et_pb_section]<\/p>\n","protected":false},"excerpt":{"rendered":"<p>Eug\u00e9nie les Bains vous ouvre les portes du grand Sud-Ouest\u2026 En voici un aper\u00e7u !<\/p>\n","protected":false},"author":1,"featured_media":0,"parent":0,"menu_order":0,"comment_status":"closed","ping_status":"closed","template":"","meta":{"_et_pb_use_builder":"on","_et_pb_old_content":"","_et_gb_content_width":"","footnotes":""},"class_list":["post-550","page","type-page","status-publish","hentry"],"yoast_head":"<!-- This site is optimized with the Yoast SEO plugin v26.6 - https:\/\/yoast.com\/wordpress\/plugins\/seo\/ -->\n<title>Eug\u00e9nie les Bains vous ouvre les portes du grand Sud-Ouest<\/title>\n<meta name=\"description\" content=\"Eug\u00e9nie les Bains vous ouvre les portes : Espagne, plages des Landes et Pays Basque, les montagnes Pyr\u00e9n\u00e9es, la gastronomie et les traditions des Landes.\" \/>\n<meta name=\"robots\" content=\"index, follow, max-snippet:-1, max-image-preview:large, max-video-preview:-1\" \/>\n<link rel=\"canonical\" href=\"https:\/\/www.camping-eugenie-les-bains.fr\/camping\/tourisme-camping-eugenie\/\" \/>\n<meta property=\"og:locale\" content=\"fr_FR\" \/>\n<meta property=\"og:type\" content=\"article\" \/>\n<meta property=\"og:title\" content=\"Eug\u00e9nie les Bains vous ouvre les portes du grand Sud-Ouest\" \/>\n<meta property=\"og:description\" content=\"Eug\u00e9nie les Bains vous ouvre les portes : Espagne, plages des Landes et Pays Basque, les montagnes Pyr\u00e9n\u00e9es, la gastronomie et les traditions des Landes.\" \/>\n<meta property=\"og:url\" content=\"https:\/\/www.camping-eugenie-les-bains.fr\/camping\/tourisme-camping-eugenie\/\" \/>\n<meta property=\"og:site_name\" content=\"Camping des Sources\" \/>\n<meta property=\"article:modified_time\" content=\"2022-12-13T08:14:00+00:00\" \/>\n<meta name=\"twitter:card\" content=\"summary_large_image\" \/>\n<meta name=\"twitter:label1\" content=\"Dur\u00e9e de lecture estim\u00e9e\" \/>\n\t<meta name=\"twitter:data1\" content=\"2 minutes\" \/>\n<script type=\"application\/ld+json\" class=\"yoast-schema-graph\">{\"@context\":\"https:\/\/schema.org\",\"@graph\":[{\"@type\":\"WebPage\",\"@id\":\"https:\/\/www.camping-eugenie-les-bains.fr\/camping\/tourisme-camping-eugenie\/\",\"url\":\"https:\/\/www.camping-eugenie-les-bains.fr\/camping\/tourisme-camping-eugenie\/\",\"name\":\"Eug\u00e9nie les Bains vous ouvre les portes du grand Sud-Ouest\",\"isPartOf\":{\"@id\":\"https:\/\/www.camping-eugenie-les-bains.fr\/camping\/#website\"},\"datePublished\":\"2017-02-03T09:43:06+00:00\",\"dateModified\":\"2022-12-13T08:14:00+00:00\",\"description\":\"Eug\u00e9nie les Bains vous ouvre les portes : Espagne, plages des Landes et Pays Basque, les montagnes Pyr\u00e9n\u00e9es, la gastronomie et les traditions des Landes.\",\"breadcrumb\":{\"@id\":\"https:\/\/www.camping-eugenie-les-bains.fr\/camping\/tourisme-camping-eugenie\/#breadcrumb\"},\"inLanguage\":\"fr-FR\",\"potentialAction\":[{\"@type\":\"ReadAction\",\"target\":[\"https:\/\/www.camping-eugenie-les-bains.fr\/camping\/tourisme-camping-eugenie\/\"]}]},{\"@type\":\"BreadcrumbList\",\"@id\":\"https:\/\/www.camping-eugenie-les-bains.fr\/camping\/tourisme-camping-eugenie\/#breadcrumb\",\"itemListElement\":[{\"@type\":\"ListItem\",\"position\":1,\"name\":\"Accueil\",\"item\":\"https:\/\/www.camping-eugenie-les-bains.fr\/camping\/\"},{\"@type\":\"ListItem\",\"position\":2,\"name\":\"Aux alentours du camping\"}]},{\"@type\":\"WebSite\",\"@id\":\"https:\/\/www.camping-eugenie-les-bains.fr\/camping\/#website\",\"url\":\"https:\/\/www.camping-eugenie-les-bains.fr\/camping\/\",\"name\":\"Camping des Sources\",\"description\":\"Eug\u00e9nie-les-Bains, la meilleure convivialit\u00e9 pour votre s\u00e9jour cure\",\"potentialAction\":[{\"@type\":\"SearchAction\",\"target\":{\"@type\":\"EntryPoint\",\"urlTemplate\":\"https:\/\/www.camping-eugenie-les-bains.fr\/camping\/?s={search_term_string}\"},\"query-input\":{\"@type\":\"PropertyValueSpecification\",\"valueRequired\":true,\"valueName\":\"search_term_string\"}}],\"inLanguage\":\"fr-FR\"}]}<\/script>\n<!-- \/ Yoast SEO plugin. -->","yoast_head_json":{"title":"Eug\u00e9nie les Bains vous ouvre les portes du grand Sud-Ouest","description":"Eug\u00e9nie les Bains vous ouvre les portes : Espagne, plages des Landes et Pays Basque, les montagnes Pyr\u00e9n\u00e9es, la gastronomie et les traditions des Landes.","robots":{"index":"index","follow":"follow","max-snippet":"max-snippet:-1","max-image-preview":"max-image-preview:large","max-video-preview":"max-video-preview:-1"},"canonical":"https:\/\/www.camping-eugenie-les-bains.fr\/camping\/tourisme-camping-eugenie\/","og_locale":"fr_FR","og_type":"article","og_title":"Eug\u00e9nie les Bains vous ouvre les portes du grand Sud-Ouest","og_description":"Eug\u00e9nie les Bains vous ouvre les portes : Espagne, plages des Landes et Pays Basque, les montagnes Pyr\u00e9n\u00e9es, la gastronomie et les traditions des Landes.","og_url":"https:\/\/www.camping-eugenie-les-bains.fr\/camping\/tourisme-camping-eugenie\/","og_site_name":"Camping des Sources","article_modified_time":"2022-12-13T08:14:00+00:00","twitter_card":"summary_large_image","twitter_misc":{"Dur\u00e9e de lecture estim\u00e9e":"2 minutes"},"schema":{"@context":"https:\/\/schema.org","@graph":[{"@type":"WebPage","@id":"https:\/\/www.camping-eugenie-les-bains.fr\/camping\/tourisme-camping-eugenie\/","url":"https:\/\/www.camping-eugenie-les-bains.fr\/camping\/tourisme-camping-eugenie\/","name":"Eug\u00e9nie les Bains vous ouvre les portes du grand Sud-Ouest","isPartOf":{"@id":"https:\/\/www.camping-eugenie-les-bains.fr\/camping\/#website"},"datePublished":"2017-02-03T09:43:06+00:00","dateModified":"2022-12-13T08:14:00+00:00","description":"Eug\u00e9nie les Bains vous ouvre les portes : Espagne, plages des Landes et Pays Basque, les montagnes Pyr\u00e9n\u00e9es, la gastronomie et les traditions des Landes.","breadcrumb":{"@id":"https:\/\/www.camping-eugenie-les-bains.fr\/camping\/tourisme-camping-eugenie\/#breadcrumb"},"inLanguage":"fr-FR","potentialAction":[{"@type":"ReadAction","target":["https:\/\/www.camping-eugenie-les-bains.fr\/camping\/tourisme-camping-eugenie\/"]}]},{"@type":"BreadcrumbList","@id":"https:\/\/www.camping-eugenie-les-bains.fr\/camping\/tourisme-camping-eugenie\/#breadcrumb","itemListElement":[{"@type":"ListItem","position":1,"name":"Accueil","item":"https:\/\/www.camping-eugenie-les-bains.fr\/camping\/"},{"@type":"ListItem","position":2,"name":"Aux alentours du camping"}]},{"@type":"WebSite","@id":"https:\/\/www.camping-eugenie-les-bains.fr\/camping\/#website","url":"https:\/\/www.camping-eugenie-les-bains.fr\/camping\/","name":"Camping des Sources","description":"Eug\u00e9nie-les-Bains, la meilleure convivialit\u00e9 pour votre s\u00e9jour cure","potentialAction":[{"@type":"SearchAction","target":{"@type":"EntryPoint","urlTemplate":"https:\/\/www.camping-eugenie-les-bains.fr\/camping\/?s={search_term_string}"},"query-input":{"@type":"PropertyValueSpecification","valueRequired":true,"valueName":"search_term_string"}}],"inLanguage":"fr-FR"}]}},"_links":{"self":[{"href":"https:\/\/www.camping-eugenie-les-bains.fr\/camping\/wp-json\/wp\/v2\/pages\/550","targetHints":{"allow":["GET"]}}],"collection":[{"href":"https:\/\/www.camping-eugenie-les-bains.fr\/camping\/wp-json\/wp\/v2\/pages"}],"about":[{"href":"https:\/\/www.camping-eugenie-les-bains.fr\/camping\/wp-json\/wp\/v2\/types\/page"}],"author":[{"embeddable":true,"href":"https:\/\/www.camping-eugenie-les-bains.fr\/camping\/wp-json\/wp\/v2\/users\/1"}],"replies":[{"embeddable":true,"href":"https:\/\/www.camping-eugenie-les-bains.fr\/camping\/wp-json\/wp\/v2\/comments?post=550"}],"version-history":[{"count":43,"href":"https:\/\/www.camping-eugenie-les-bains.fr\/camping\/wp-json\/wp\/v2\/pages\/550\/revisions"}],"predecessor-version":[{"id":1795,"href":"https:\/\/www.camping-eugenie-les-bains.fr\/camping\/wp-json\/wp\/v2\/pages\/550\/revisions\/1795"}],"wp:attachment":[{"href":"https:\/\/www.camping-eugenie-les-bains.fr\/camping\/wp-json\/wp\/v2\/media?parent=550"}],"curies":[{"name":"wp","href":"https:\/\/api.w.org\/{rel}","templated":true}]}}